{"id":1360,"date":"2015-09-18T09:48:28","date_gmt":"2015-09-18T09:48:28","guid":{"rendered":"https:\/\/motors.stylemixthemes.com\/demo\/?page_id=5"},"modified":"2026-04-14T15:34:40","modified_gmt":"2026-04-14T15:34:40","slug":"front-page","status":"publish","type":"page","link":"https:\/\/ve.simonandre.ca\/","title":{"rendered":"Accueil"},"content":{"rendered":"<section class=\"wpb-content-wrapper\"><p>[vc_row full_width=\u00a0\u00bbstretch_row\u00a0\u00bb css=\u00a0\u00bb.vc_custom_1448545243300{margin-bottom: 0px !important;}\u00a0\u00bb el_class=\u00a0\u00bbstm-slider-nice-height\u00a0\u00bb][vc_column][rev_slider_vc alias=\u00a0\u00bbslider-1&Prime;][\/vc_column][\/vc_row][vc_row css=\u00a0\u00bb.vc_custom_1448544673381{margin-bottom: 57px !important;}\u00a0\u00bb][vc_column][stm_car_listing_tabbed tab_affix=\u00a0\u00bb\u00a0\u00bb search_icon=\u00a0\u00bbstm-icon-car_search\u00a0\u00bb filter_columns_number=\u00a0\u00bb4&Prime; filter_selected=\u00a0\u00bbca-year,make,serie\u00a0\u00bb call_to_action_icon=\u00a0\u00bbstm-icon-question\u00a0\u00bb call_to_action_icon_right=\u00a0\u00bbstm-icon-phone2&Prime; call_to_action_color=\u00a0\u00bb#262330&Prime; call_to_action_text_color=\u00a0\u00bb#ffffff\u00a0\u00bb enable_search=\u00a0\u00bbtrue\u00a0\u00bb enable_call_to_action=\u00a0\u00bbtrue\u00a0\u00bb taxonomy=\u00a0\u00bbusage | condition\u00a0\u00bb per_page=\u00a0\u00bb8&Prime; search_label=\u00a0\u00bbRechercher dans l&rsquo;inventaire\u00a0\u00bb call_to_action_label=\u00a0\u00bbVous avez une question? Textez-nous!\u00a0\u00bb call_to_action_label_right=\u00a0\u00bb819-200-9226&Prime;]<\/p>\n<h2><span style=\"color: #ffffff;\">BIENVENUE CHEZ<\/span><br \/>\n<span style=\"color: #e83936;\">V\u00c9HICULES \u00c9LECTRIQUES SIMON ANDR\u00c9<\/span><\/h2>\n<p>[\/stm_car_listing_tabbed][\/vc_column][\/vc_row][vc_row][vc_column][vc_raw_html]JTNDY2FyZmF4LXRyYWRlLWluLXRva2VuJTIwZGVhbGVyLXRva2VuJTNEJTIyYTdjYWRjZWQtMzYxZC00NTI5LTk4YjItYTRmM2ExNzQwMWFhJTIyJTNFJTNDJTJGY2FyZmF4LXRyYWRlLWluLXRva2VuJTNFJTBBJTNDY2FyZmF4LXRyYWRlLWluLWJ1dHRvbi1iYW5uZXIlMjBpZCUzRCUyMnRyYWRlSW5XaWRnZXQlMjIlMjB0aS1zdHlsZSUzRCUyMmJsYWNrJTIyJTNFJTNDJTJGY2FyZmF4LXRyYWRlLWluLWJ1dHRvbi1iYW5uZXIlM0UlMEElM0NzY3JpcHQlMjBzcmMlM0QlMjJodHRwcyUzQSUyRiUyRmNmY3RyYWRlaW4uYXp1cmVlZGdlLm5ldCUyRmpzJTJGY2ZjdHJhZGVpbi5qcyUyMiUzRSUzQyUyRnNjcmlwdCUzRQ==[\/vc_raw_html][vc_text_separator title=\u00a0\u00bb\u00a0\u00bb][\/vc_column][\/vc_row][vc_row][vc_column width=\u00a0\u00bb1\/2&Prime;][vc_single_image image=\u00a0\u00bb7439&Prime; img_size=\u00a0\u00bbmedium\u00a0\u00bb onclick=\u00a0\u00bbcustom_link\u00a0\u00bb img_link_target=\u00a0\u00bb_blank\u00a0\u00bb link=\u00a0\u00bbhttps:\/\/www.garantieavantageplus.ca\/vehicules-electriques-avantage\/\u00a0\u00bb][vc_column_text]<\/p>\n<h2 data-start=\"227\" data-end=\"482\">Garantie prolong\u00e9e Avantage Plus \u2013 Parfaitement adapt\u00e9e aux v\u00e9hicules \u00e9lectriques<\/h2>\n<p data-start=\"227\" data-end=\"482\">Votre v\u00e9hicule \u00e9lectrique est hautement technologique et m\u00e9rite d\u2019\u00eatre bien prot\u00e9g\u00e9. La garantie Avantage Plus couvre vos composantes m\u00e9caniques, \u00e9lectroniques et \u00e9lectriques contre les r\u00e9parations impr\u00e9vues apr\u00e8s l\u2019expiration de la garantie du fabricant.<\/p>\n<p data-start=\"484\" data-end=\"773\"><strong data-start=\"484\" data-end=\"498\">Elle est :<\/strong><br data-start=\"498\" data-end=\"501\" \/>\u2022 Accept\u00e9e et prioris\u00e9e par notre d\u00e9partement de service<br data-start=\"557\" data-end=\"560\" \/>\u2022 Transf\u00e9rable au prochain propri\u00e9taire (augmente la valeur de revente)<br data-start=\"631\" data-end=\"634\" \/>\u2022 Inclut l\u2019option Audio, Vid\u00e9o et Navigation (&lt; 140 000 km)<br data-start=\"693\" data-end=\"696\" \/>\u2022 En vigueur seulement apr\u00e8s la fin de la garantie de base du manufacturier<\/p>\n<p data-start=\"775\" data-end=\"935\">Elle peut \u00eatre ajout\u00e9e tant que le v\u00e9hicule n\u2019a pas atteint <strong data-start=\"835\" data-end=\"859\">10 ans ou 200 000 km<\/strong><br data-start=\"859\" data-end=\"862\" \/>(une inspection est requise si la garantie du manufacturier est expir\u00e9e).<\/p>\n<p data-start=\"937\" data-end=\"1086\"><strong data-start=\"937\" data-end=\"986\">Plans disponibles avec kilom\u00e9trage illimit\u00e9 :<\/strong><br data-start=\"986\" data-end=\"989\" \/>12 mois \u2013 1 999 $<br data-start=\"1006\" data-end=\"1009\" \/>24 mois \u2013 2 099 $<br data-start=\"1026\" data-end=\"1029\" \/>36 mois \u2013 2 199 $<br data-start=\"1046\" data-end=\"1049\" \/>48 mois \u2013 2 299 $<br data-start=\"1066\" data-end=\"1069\" \/>60 mois \u2013 2 399 $<\/p>\n<p data-start=\"1088\" data-end=\"1205\">D\u2019autres options ou couvertures suppl\u00e9mentaires peuvent vous \u00eatre <strong data-start=\"1154\" data-end=\"1166\">offertes<\/strong>, telles que la <strong data-start=\"1182\" data-end=\"1204\">double r\u00e9clamation<\/strong>.<\/p>\n<p data-start=\"1088\" data-end=\"1205\">Sur notre boutique en ligne, vous pouvez choisir l&rsquo;option paiement en plusieurs versements au moment de faire le paiement avec Shop Pay.<\/p>\n<p>[\/vc_column_text][vc_btn title=\u00a0\u00bbAchetez en ligne\u00a0\u00bb color=\u00a0\u00bbdanger\u00a0\u00bb link=\u00a0\u00bburl:https%3A%2F%2Fve-simonandre.myshopify.com%2Fproducts%2Fgarantie-avantage-plus|target:_blank\u00a0\u00bb][vc_zigzag][\/vc_column][vc_column width=\u00a0\u00bb1\/2&Prime;][vc_empty_space height=\u00a0\u00bb60px\u00a0\u00bb][vc_empty_space height=\u00a0\u00bb60px\u00a0\u00bb][vc_empty_space height=\u00a0\u00bb60px\u00a0\u00bb][stm_contact_form form=\u00a0\u00bb7442&Prime;][\/vc_column][\/vc_row][vc_row stm_fullwidth=\u00a0\u00bbyes\u00a0\u00bb blackout_opacity=\u00a0\u00bb20&Prime; css=\u00a0\u00bb.vc_custom_1596807915318{margin-bottom: 0px !important;padding-top: 137px !important;padding-bottom: 113px !important;background-image: url(https:\/\/ve.simonandre.ca\/wp-content\/uploads\/2020\/08\/david-von-diemar-ZBWn5DvO0hg-unsplash-scaled.jpg?id=1447) !important;}\u00a0\u00bb el_class=\u00a0\u00bbstm-icon-box-adaptive-style-one\u00a0\u00bb][vc_column offset=\u00a0\u00bbvc_col-lg-6&Prime; css=\u00a0\u00bb.vc_custom_1448967644598{margin-bottom: 30px !important;}\u00a0\u00bb][stm_icon_box icon=\u00a0\u00bbfas fa-tools\u00a0\u00bb icon_size=\u00a0\u00bb54&Prime; box_bg_color=\u00a0\u00bb#262330&Prime; box_text_color=\u00a0\u00bb#ffffff\u00a0\u00bb link=\u00a0\u00bburl:%23buy|title:Buy%20car|\u00a0\u00bb title=\u00a0\u00bbVoulez-vous faire r\u00e9parer votre v\u00e9hicule \u00e9lectrique?\u00a0\u00bb line_height=\u00a0\u00bb17&Prime; icon_color=\u00a0\u00bb#ffffff\u00a0\u00bb]<span style=\"color: #ffffff;\">Notre d\u00e9partement de m\u00e9canique est compos\u00e9 de m\u00e9caniciens sp\u00e9cialis\u00e9s. Ils sont form\u00e9s pour faire le bon diagnostic quant \u00e0 votre voiture. Vous songez \u00e0 acheter une voiture \u00e9lectrique d&rsquo;un particulier? Prenez rendez-vous pour une inspection avant achat. Vous avez eu un accident? Nous avons un d\u00e9partement de carrosserie et de peinture pour effectuer tous les travaux!<\/span>[\/stm_icon_box][\/vc_column][vc_column offset=\u00a0\u00bbvc_col-lg-6&Prime; css=\u00a0\u00bb.vc_custom_1448967649806{margin-bottom: 30px !important;}\u00a0\u00bb][stm_icon_box title=\u00a0\u00bbVoulez-vous vendre votre voiture?\u00a0\u00bb box_bg_color=\u00a0\u00bb#e83936&Prime; line_height=\u00a0\u00bb17&Prime; icon_color=\u00a0\u00bb#232628&Prime; box_text_color=\u00a0\u00bb#262330&Prime;]<span style=\"color: #262330;\">B\u00e9n\u00e9ficiez de la meilleure valeur pour votre v\u00e9hicule d\u2019\u00e9change. Nous achetons les voitures \u00e9lectriques et les voitures \u00e0 essence. Pour obtenir la valeur de votre \u00e9change, envoyez-nous par courriel le num\u00e9ro de s\u00e9rie, kilom\u00e9trage, photos et dommages sur le v\u00e9hicule. -&gt; ve@simonandre.ca<br \/>\nVous avez d\u00e9j\u00e0 votre acheteur? Tant mieux, une vente par accommodation vous permettra de sauver une partie des taxes sur votre nouvel achat $.<\/span>[\/stm_icon_box][\/vc_column][\/vc_row][vc_row full_width=\u00a0\u00bbstretch_row\u00a0\u00bb css=\u00a0\u00bb.vc_custom_1452940382308{margin-bottom: 0px !important;padding-top: 51px !important;padding-bottom: 40px !important;background-image: url(http:\/\/dealer.motors.loc\/wp-content\/uploads\/2015\/09\/special_bg.png?id=1349) !important;background-position: 0 0 !important;background-repeat: repeat !important;}\u00a0\u00bb][vc_column][stm_special_offers show_all_link_specials=\u00a0\u00bbtrue\u00a0\u00bb colored_first_word=\u00a0\u00bbtrue\u00a0\u00bb title=\u00a0\u00bbBAISSE DE PRIX\u00a0\u00bb][\/vc_column][\/vc_row][vc_row full_width=\u00a0\u00bbstretch_row\u00a0\u00bb css=\u00a0\u00bb.vc_custom_1448968797570{margin-bottom: 0px !important;padding-top: 51px !important;padding-bottom: 62px !important;background-color: #f0f2f5 !important;}\u00a0\u00bb el_class=\u00a0\u00bbstm-adaptive-tablet-margins\u00a0\u00bb][vc_column][vc_row_inner css=\u00a0\u00bb.vc_custom_1448532576588{margin-bottom: 0px !important;}\u00a0\u00bb][vc_column_inner][vc_custom_heading text=\u00a0\u00bbPOURQUOI NOUS CHOISIR?\u00a0\u00bb font_container=\u00a0\u00bbtag:h2|text_align:center\u00a0\u00bb use_theme_fonts=\u00a0\u00bbyes\u00a0\u00bb css=\u00a0\u00bb.vc_custom_1596808819632{margin-bottom: 23px !important;}\u00a0\u00bb][\/vc_column_inner][\/vc_row_inner][vc_row_inner css=\u00a0\u00bb.vc_custom_1448532584673{margin-bottom: 54px !important;}\u00a0\u00bb][vc_column_inner][stm_color_separator color=\u00a0\u00bb#cc6119&Prime;][\/vc_column_inner][\/vc_row_inner][vc_row_inner css=\u00a0\u00bb.vc_custom_1448861118351{margin-bottom: 9px !important;}\u00a0\u00bb el_class=\u00a0\u00bbstm-icon-box-adaptive-style-three\u00a0\u00bb][vc_column_inner width=\u00a0\u00bb1\/4&Prime;][stm_icon_box title_holder=\u00a0\u00bbh6&Prime; icon=\u00a0\u00bbstm-icon-label\u00a0\u00bb title=\u00a0\u00bbFINANCEMENT SIMPLE\u00a0\u00bb box_bg_color=\u00a0\u00bbrgba(255,255,255,0.01)\u00a0\u00bb css=\u00a0\u00bb.vc_custom_1596808895107{margin-bottom: 46px !important;padding-top: 0px !important;padding-right: 0px !important;padding-bottom: 0px !important;padding-left: 29px !important;}\u00a0\u00bb icon_size=\u00a0\u00bb52&Prime; css_icon=\u00a0\u00bb.vc_custom_1596808895101{margin-top: 4px !important;margin-right: 23px !important;}\u00a0\u00bb line_height=\u00a0\u00bb16&Prime;]<span style=\"color: #888888; line-height: 16px;\">Notre service de financement sans stress qui peut trouver des solutions financi\u00e8res pour vous faire \u00e9conomiser de l&rsquo;argent.<\/span>[\/stm_icon_box][\/vc_column_inner][vc_column_inner width=\u00a0\u00bb1\/4&Prime;][stm_icon_box title_holder=\u00a0\u00bbh6&Prime; title=\u00a0\u00bbLARGE GAMME DE MOD\u00c8LES\u00a0\u00bb box_bg_color=\u00a0\u00bbrgba(255,255,255,0.01)\u00a0\u00bb css=\u00a0\u00bb.vc_custom_1773241568877{margin-bottom: 46px !important;padding-top: 0px !important;padding-right: 0px !important;padding-bottom: 0px !important;padding-left: 18px !important;}\u00a0\u00bb css_icon=\u00a0\u00bb.vc_custom_1773241568877{margin-top: 2px !important;margin-right: 22px !important;}\u00a0\u00bb line_height=\u00a0\u00bb16&Prime;]<span style=\"color: #888888; line-height: 16px;\">En une seule visite vous pourrez essayer une Model 3, une Kia EV6, Chevrolet Silverado EV, etc.<\/span>[\/stm_icon_box][\/vc_column_inner][vc_column_inner width=\u00a0\u00bb1\/4&Prime;][stm_icon_box title_holder=\u00a0\u00bbh6&Prime; icon=\u00a0\u00bbstm-icon-chat\u00a0\u00bb title=\u00a0\u00bbRelation durable\u00a0\u00bb box_bg_color=\u00a0\u00bbrgba(255,255,255,0.01)\u00a0\u00bb css=\u00a0\u00bb.vc_custom_1596809450772{margin-bottom: 46px !important;padding-top: 0px !important;padding-right: 0px !important;padding-bottom: 0px !important;padding-left: 9px !important;}\u00a0\u00bb icon_size=\u00a0\u00bb44&Prime; css_icon=\u00a0\u00bb.vc_custom_1596809450765{margin-top: 3px !important;margin-right: 17px !important;}\u00a0\u00bb line_height=\u00a0\u00bb16&Prime;]<span style=\"color: #888888; line-height: 16px;\">Des centaines de clients nous font confiance et nous recommendent \u00e0 leur amis. Il est fr\u00e9quent de revoir nos clients pour un 2e ou 3e achat.<\/span>[\/stm_icon_box][\/vc_column_inner][vc_column_inner width=\u00a0\u00bb1\/4&Prime;][stm_icon_box title_holder=\u00a0\u00bbh6&Prime; icon=\u00a0\u00bbstm-icon-application\u00a0\u00bb title=\u00a0\u00bbR\u00e9paration de voiture \u00e9lectrique\u00a0\u00bb box_bg_color=\u00a0\u00bbrgba(255,255,255,0.01)\u00a0\u00bb css=\u00a0\u00bb.vc_custom_1596809321046{margin-bottom: 46px !important;padding-top: 0px !important;padding-right: 0px !important;padding-bottom: 0px !important;padding-left: 6px !important;}\u00a0\u00bb icon_size=\u00a0\u00bb52&Prime; css_icon=\u00a0\u00bb.vc_custom_1596809321036{margin-top: -1px !important;margin-right: 29px !important;}\u00a0\u00bb line_height=\u00a0\u00bb16&Prime;]<span style=\"color: #888888; line-height: 16px;\">Notre garage est sp\u00e9cialis\u00e9 dans la r\u00e9paration de v\u00e9hicules \u00e9lectriques.\u00a0<\/span>[\/stm_icon_box][\/vc_column_inner][\/vc_row_inner][vc_row_inner][vc_column_inner][stm_icon_button align=\u00a0\u00bbcenter\u00a0\u00bb link=\u00a0\u00bburl:https%3A%2F%2Fve.simonandre.ca%2Fa-propos%2F|title:En%20apprendre%20plus%20sur%20nous\u00a0\u00bb][\/vc_column_inner][\/vc_row_inner][\/vc_column][\/vc_row][vc_row][vc_column][\/vc_column][\/vc_row]<\/p>\n<\/section>","protected":false},"excerpt":{"rendered":"<p>[vc_row full_width=\u00a0\u00bbstretch_row\u00a0\u00bb css=\u00a0\u00bb.vc_custom_1448545243300{margin-bottom: 0px !important;}\u00a0\u00bb el_class=\u00a0\u00bbstm-slider-nice-height\u00a0\u00bb][vc_column][rev_slider_vc alias=\u00a0\u00bbslider-1&Prime;][\/vc_column][\/vc_row][vc_row css=\u00a0\u00bb.vc_custom_1448544673381{margin-bottom: 57px !important;}\u00a0\u00bb][vc_column][stm_car_listing_tabbed tab_affix=\u00a0\u00bb\u00a0\u00bb search_icon=\u00a0\u00bbstm-icon-car_search\u00a0\u00bb filter_columns_number=\u00a0\u00bb4&Prime; filter_selected=\u00a0\u00bbca-year,make,serie\u00a0\u00bb call_to_action_icon=\u00a0\u00bbstm-icon-question\u00a0\u00bb call_to_action_icon_right=\u00a0\u00bbstm-icon-phone2&Prime; call_to_action_color=\u00a0\u00bb#262330&Prime; call_to_action_text_color=\u00a0\u00bb#ffffff\u00a0\u00bb enable_search=\u00a0\u00bbtrue\u00a0\u00bb enable_call_to_action=\u00a0\u00bbtrue\u00a0\u00bb taxonomy=\u00a0\u00bbusage | condition\u00a0\u00bb per_page=\u00a0\u00bb8&Prime; search_label=\u00a0\u00bbRechercher dans l&rsquo;inventaire\u00a0\u00bb call_to_action_label=\u00a0\u00bbVous avez une question? Textez-nous!\u00a0\u00bb call_to_action_label_right=\u00a0\u00bb819-200-9226&Prime;] BIENVENUE CHEZ V\u00c9HICULES \u00c9LECTRIQUES SIMON ANDR\u00c9 [\/stm_car_listing_tabbed][\/vc_column][\/vc_row][vc_row][vc_column][vc_raw_html]JTNDY2FyZmF4LXRyYWRlLWluLXRva2VuJTIwZGVhbGVyLXRva2VuJTNEJTIyYTdjYWRjZWQtMzYxZC00NTI5LTk4YjItYTRmM2ExNzQwMWFhJTIyJTNFJTNDJTJGY2FyZmF4LXRyYWRlLWluLXRva2VuJTNFJTBBJTNDY2FyZmF4LXRyYWRlLWluLWJ1dHRvbi1iYW5uZXIlMjBpZCUzRCUyMnRyYWRlSW5XaWRnZXQlMjIlMjB0aS1zdHlsZSUzRCUyMmJsYWNrJTIyJTNFJTNDJTJGY2FyZmF4LXRyYWRlLWluLWJ1dHRvbi1iYW5uZXIlM0UlMEElM0NzY3JpcHQlMjBzcmMlM0QlMjJodHRwcyUzQSUyRiUyRmNmY3RyYWRlaW4uYXp1cmVlZGdlLm5ldCUyRmpzJTJGY2ZjdHJhZGVpbi5qcyUyMiUzRSUzQyUyRnNjcmlwdCUzRQ==[\/vc_raw_html][vc_text_separator title=\u00a0\u00bb\u00a0\u00bb][\/vc_column][\/vc_row][vc_row][vc_column width=\u00a0\u00bb1\/2&Prime;][vc_single_image image=\u00a0\u00bb7439&Prime; img_size=\u00a0\u00bbmedium\u00a0\u00bb onclick=\u00a0\u00bbcustom_link\u00a0\u00bb img_link_target=\u00a0\u00bb_blank\u00a0\u00bb link=\u00a0\u00bbhttps:\/\/www.garantieavantageplus.ca\/vehicules-electriques-avantage\/\u00a0\u00bb][vc_column_text] Garantie prolong\u00e9e Avantage Plus \u2013 Parfaitement adapt\u00e9e aux&#8230;<\/p>\n","protected":false},"author":1,"featured_media":0,"parent":0,"menu_order":0,"comment_status":"closed","ping_status":"closed","template":"","meta":{"_acf_changed":false,"footnotes":""},"class_list":["post-1360","page","type-page","status-publish","hentry"],"acf":[],"_links":{"self":[{"href":"https:\/\/ve.simonandre.ca\/index.php?rest_route=\/wp\/v2\/pages\/1360","targetHints":{"allow":["GET"]}}],"collection":[{"href":"https:\/\/ve.simonandre.ca\/index.php?rest_route=\/wp\/v2\/pages"}],"about":[{"href":"https:\/\/ve.simonandre.ca\/index.php?rest_route=\/wp\/v2\/types\/page"}],"author":[{"embeddable":true,"href":"https:\/\/ve.simonandre.ca\/index.php?rest_route=\/wp\/v2\/users\/1"}],"replies":[{"embeddable":true,"href":"https:\/\/ve.simonandre.ca\/index.php?rest_route=%2Fwp%2Fv2%2Fcomments&post=1360"}],"version-history":[{"count":38,"href":"https:\/\/ve.simonandre.ca\/index.php?rest_route=\/wp\/v2\/pages\/1360\/revisions"}],"predecessor-version":[{"id":7632,"href":"https:\/\/ve.simonandre.ca\/index.php?rest_route=\/wp\/v2\/pages\/1360\/revisions\/7632"}],"wp:attachment":[{"href":"https:\/\/ve.simonandre.ca\/index.php?rest_route=%2Fwp%2Fv2%2Fmedia&parent=1360"}],"curies":[{"name":"wp","href":"https:\/\/api.w.org\/{rel}","templated":true}]}}