{"id":477,"date":"2015-10-26T04:57:48","date_gmt":"2015-10-26T04:57:48","guid":{"rendered":"https:\/\/motors.stylemixthemes.com\/demo\/?page_id=477"},"modified":"2024-10-15T15:19:49","modified_gmt":"2024-10-15T15:19:49","slug":"carrieres","status":"publish","type":"page","link":"https:\/\/ve.simonandre.ca\/?page_id=477","title":{"rendered":"Carri\u00e8res"},"content":{"rendered":"<section class=\"wpb-content-wrapper\"><p>[vc_row][vc_column width=\u00a0\u00bb1\/2&Prime;][vc_column_text]<strong>OFFRE D&rsquo;EMPLOI &#8211; M\u00e9canicien(ne) automobile<\/strong><br class=\"html-br\" \/><br class=\"html-br\" \/>On cherche un(e) technien(ne) &#8211; entretien et r\u00e9paration de v\u00e9hicules \u00e9lectriques pour s\u2019ajouter \u00e0 notre famille.<br class=\"html-br\" \/><br class=\"html-br\" \/>On cherche quelqu\u2019un qui :<br class=\"html-br\" \/>&#8211; A de l\u2019exp\u00e9rience avec les v\u00e9hicules \u00e9lectriques<br class=\"html-br\" \/>&#8211; Est \u00e0 l\u2019aise avec le diagnostic<br class=\"html-br\" \/>&#8211; Est manuel<br class=\"html-br\" \/>&#8211; Est tr\u00e8s d\u00e9brouillard, autonome, efficace et minutieux!<br class=\"html-br\" \/><br class=\"html-br\" \/>Voici les diff\u00e9rentes t\u00e2ches :<br class=\"html-br\" \/>&#8211; Effectuer le diagnostic, la r\u00e9paration, la modification et l\u2019entretien de v\u00e9hicules \u00e9lectriques et hybrides branchables<br class=\"html-br\" \/>&#8211; Effectuer la pose d\u2019accessoires<br class=\"html-br\" \/>&#8211; Apprendre chaque jour aupr\u00e8s d\u2019une \u00e9quipe passionn\u00e9e.<br class=\"html-br\" \/><br class=\"html-br\" \/>Viens travailler dans un milieu de travail novateur o\u00f9 les connaissances sont valoris\u00e9es. La formation continue est importante pour nous, tu ne manqueras pas de d\u00e9fis. On est une \u00e9quipe le fun et la conciliation famille-travail est au c\u0153ur de nos valeurs. C&rsquo;est pourquoi l&rsquo;horaire de travail est le suivant : lundi au jeudi 8h \u00e0 17h et vendredi de 8h \u00e0 14h30 (\u00e0 l&rsquo;ann\u00e9e).<br class=\"html-br\" \/><br class=\"html-br\" \/>On a des avantages comme des assurances collectives, un uniforme fourni et souvent des lunchs gratuits! On t\u2019attend, on a h\u00e2te de te rencontrer.<br class=\"html-br\" \/>* Les candidats d\u00e9j\u00e0 \u00e9tablis au Qu\u00e9bec seront privil\u00e9gi\u00e9s.<\/p>\n<p>&nbsp;<\/p>\n<p>Envoyez votre CV au rh@simonandre.ca[\/vc_column_text][\/vc_column][vc_column width=\u00a0\u00bb1\/2&Prime;][vc_empty_space height=\u00a0\u00bb25px\u00a0\u00bb][vc_custom_heading text=\u00a0\u00bbVotre emploi de r\u00eave n&rsquo;est pas affich\u00e9 en ce moment? Envoyez une candidature spontan\u00e9e!\u00a0\u00bb font_container=\u00a0\u00bbtag:h2|text_align:center\u00a0\u00bb][stm_icon_button align=\u00a0\u00bbcenter\u00a0\u00bb icon=\u00a0\u00bbstm-icon-ac-message\u00a0\u00bb link=\u00a0\u00bburl:mailto%3Arh%40simonandre.ca|title:Envoyez%20votre%20cv%20au%20rh%40simonandre.ca\u00a0\u00bb][vc_empty_space][\/vc_column][\/vc_row][vc_row][vc_column][vc_empty_space height=\u00a0\u00bb102px\u00a0\u00bb][\/vc_column][\/vc_row][vc_row][vc_column][vc_tta_accordion][vc_tta_section i_icon_fontawesome=\u00a0\u00bbstm-service-icon-star-o\u00a0\u00bb add_icon=\u00a0\u00bbtrue\u00a0\u00bb title=\u00a0\u00bbCarri\u00e8res\u00a0\u00bb tab_id=\u00a0\u00bb1606427034120-14bc3721-ec6a\u00a0\u00bb][vc_column_text]Nous n&rsquo;avons pas d&rsquo;opportunit\u00e9s d&#8217;emploi pour le moment. Envoyez-nous quand m\u00eame votre CV au <a href=\"mailto:rh@simonandre.ca\">rh@simonandre.ca<\/a> ![\/vc_column_text][\/vc_tta_section][\/vc_tta_accordion][vc_empty_space height=\u00a0\u00bb40px\u00a0\u00bb][\/vc_column][\/vc_row][vc_row][vc_column width=\u00a0\u00bb1\/2&Prime;][vc_single_image image=\u00a0\u00bb2250&Prime; img_size=\u00a0\u00bb500&#215;500&Prime;][vc_column_text]<\/p>\n<h4 style=\"text-align: center;\">Alissa Andr\u00e9, Directrice RH<\/h4>\n<p>[\/vc_column_text][\/vc_column][vc_column width=\u00a0\u00bb1\/2&Prime;][vc_empty_space height=\u00a0\u00bb60px\u00a0\u00bb][vc_custom_heading text=\u00a0\u00bbUn employeur unique pour un employ\u00e9 extraordinaire!\u00a0\u00bb][vc_column_text]V\u00e9hicules \u00e9lectriques Simon Andr\u00e9 ne s\u2019est pas construite en suivant un mod\u00e8le. En calquant un moule. En reproduisant ce qui la pr\u00e9c\u00e8de sur le march\u00e9. Au contraire; c\u2019est une entreprise qui sait jouer d\u2019audace. Qui a pris son propre \u00e9lan et qui a cr\u00e9\u00e9 son propre champ de force.<\/p>\n<p>C\u2019est une \u00e9quipe qui a choisi de cr\u00e9er selon ses propres valeurs, et de se r\u00e9inventer selon sa propre vision. Tout simplement parce qu\u2019elle a le savoir, le pouvoir et le devoir de le faire : \u00eatre un vecteur de changement, prendre les<br \/>\ndevants. Quitte \u00e0 inventer de nouvelles fa\u00e7ons de faire.<\/p>\n<p>C\u2019est une \u00e9quipe qui n\u2019a pas peur du grand. Parce qu\u2019elle croit en ce qu\u2019elle fait, en la science, au progr\u00e8s. Et elle a la ferme intention d\u2019ouvrir sa communaut\u00e9 &#8211; et le monde &#8211; aux possibilit\u00e9s qui s\u2019offrent devant eux. Pas demain, mais maintenant.[\/vc_column_text][\/vc_column][\/vc_row][vc_row][vc_column][vc_empty_space height=\u00a0\u00bb102px\u00a0\u00bb][vc_empty_space][\/vc_column][\/vc_row]<\/p>\n<\/section>","protected":false},"excerpt":{"rendered":"<p>[vc_row][vc_column width=\u00a0\u00bb1\/2&Prime;][vc_column_text]OFFRE D&rsquo;EMPLOI &#8211; M\u00e9canicien(ne) automobileOn cherche un(e) technien(ne) &#8211; entretien et r\u00e9paration de v\u00e9hicules \u00e9lectriques pour s\u2019ajouter \u00e0 notre famille.On cherche quelqu\u2019un qui :&#8211; A de l\u2019exp\u00e9rience avec les v\u00e9hicules \u00e9lectriques&#8211; Est \u00e0 l\u2019aise avec le diagnostic&#8211; Est manuel&#8211; Est tr\u00e8s d\u00e9brouillard, autonome, efficace et minutieux!Voici les diff\u00e9rentes t\u00e2ches :&#8211; Effectuer le diagnostic, la&#8230;<\/p>\n","protected":false},"author":1,"featured_media":0,"parent":0,"menu_order":0,"comment_status":"closed","ping_status":"closed","template":"","meta":{"_acf_changed":false,"footnotes":""},"class_list":["post-477","page","type-page","status-publish","hentry"],"acf":[],"_links":{"self":[{"href":"https:\/\/ve.simonandre.ca\/index.php?rest_route=\/wp\/v2\/pages\/477","targetHints":{"allow":["GET"]}}],"collection":[{"href":"https:\/\/ve.simonandre.ca\/index.php?rest_route=\/wp\/v2\/pages"}],"about":[{"href":"https:\/\/ve.simonandre.ca\/index.php?rest_route=\/wp\/v2\/types\/page"}],"author":[{"embeddable":true,"href":"https:\/\/ve.simonandre.ca\/index.php?rest_route=\/wp\/v2\/users\/1"}],"replies":[{"embeddable":true,"href":"https:\/\/ve.simonandre.ca\/index.php?rest_route=%2Fwp%2Fv2%2Fcomments&post=477"}],"version-history":[{"count":11,"href":"https:\/\/ve.simonandre.ca\/index.php?rest_route=\/wp\/v2\/pages\/477\/revisions"}],"predecessor-version":[{"id":6041,"href":"https:\/\/ve.simonandre.ca\/index.php?rest_route=\/wp\/v2\/pages\/477\/revisions\/6041"}],"wp:attachment":[{"href":"https:\/\/ve.simonandre.ca\/index.php?rest_route=%2Fwp%2Fv2%2Fmedia&parent=477"}],"curies":[{"name":"wp","href":"https:\/\/api.w.org\/{rel}","templated":true}]}}