{"id":712,"date":"2015-11-18T05:22:15","date_gmt":"2015-11-18T05:22:15","guid":{"rendered":"https:\/\/motors.stylemixthemes.com\/demo\/?page_id=712"},"modified":"2026-03-11T15:16:30","modified_gmt":"2026-03-11T15:16:30","slug":"contactez-nous","status":"publish","type":"page","link":"https:\/\/ve.simonandre.ca\/?page_id=712","title":{"rendered":"Nous joindre"},"content":{"rendered":"<section class=\"wpb-content-wrapper\"><p>[vc_row full_width=\u00a0\u00bbstretch_row\u00a0\u00bb content_placement=\u00a0\u00bbtop\u00a0\u00bb parallax=\u00a0\u00bbcontent-moving\u00a0\u00bb parallax_image=\u00a0\u00bb1504&Prime; css=\u00a0\u00bb.vc_custom_1603828886418{margin-bottom: 0px !important;padding-top: 311px !important;}\u00a0\u00bb][vc_column][\/vc_column][\/vc_row][vc_row css=\u00a0\u00bb.vc_custom_1447829274492{margin-top: -177px !important;margin-bottom: 64px !important;}\u00a0\u00bb][vc_column width=\u00a0\u00bb1\/4&Prime;][vc_tabs interval=\u00a0\u00bb0&Prime; vc_tabs_style_2=\u00a0\u00bbyes\u00a0\u00bb][vc_tab title=\u00a0\u00bbVENTES\u00a0\u00bb tab_id=\u00a0\u00bb309debce-b3e3-6&Prime;][stm_icon_box title_holder=\u00a0\u00bbh4&Prime; icon=\u00a0\u00bbstm-icon-pin\u00a0\u00bb box_bg_color=\u00a0\u00bbrgba(255,255,255,0.01)\u00a0\u00bb box_text_color=\u00a0\u00bb#232628&Prime; icon_color=\u00a0\u00bb#e83936&Prime; icon_size=\u00a0\u00bb31&Prime; title=\u00a0\u00bbAdresse\u00a0\u00bb css=\u00a0\u00bb.vc_custom_1603823050530{margin-bottom: 28px !important;padding-top: 0px !important;padding-right: 0px !important;padding-bottom: 0px !important;padding-left: 0px !important;}\u00a0\u00bb line_height=\u00a0\u00bb18&Prime; css_icon=\u00a0\u00bb.vc_custom_1603823050523{margin-top: 2px !important;margin-right: 23px !important;margin-left: 4px !important;}\u00a0\u00bb]<span style=\"color: #888888; font-size: 14px;\">7050 boul. Jean XXIII, Trois-Rivi\u00e8res G9A 5C9<\/span>[\/stm_icon_box][stm_icon_box title_holder=\u00a0\u00bbh4&Prime; icon=\u00a0\u00bbstm-icon-phone\u00a0\u00bb box_bg_color=\u00a0\u00bbrgba(255,255,255,0.01)\u00a0\u00bb box_text_color=\u00a0\u00bb#232628&Prime; icon_color=\u00a0\u00bb#e83936&Prime; icon_size=\u00a0\u00bb31&Prime; title=\u00a0\u00bbNum\u00e9ro de t\u00e9l\u00e9phone\u00a0\u00bb css=\u00a0\u00bb.vc_custom_1603823064421{margin-bottom: 27px !important;padding-top: 0px !important;padding-right: 0px !important;padding-bottom: 0px !important;padding-left: 0px !important;}\u00a0\u00bb line_height=\u00a0\u00bb18&Prime; css_icon=\u00a0\u00bb.vc_custom_1603823064415{margin-top: 2px !important;margin-right: 23px !important;margin-left: 4px !important;}\u00a0\u00bb]<span style=\"color: #888888; font-size: 14px;\">(819) 373-1070<\/span>[\/stm_icon_box][stm_icon_box title_holder=\u00a0\u00bbh4&Prime; icon=\u00a0\u00bbstm-icon-time\u00a0\u00bb box_bg_color=\u00a0\u00bbrgba(255,255,255,0.01)\u00a0\u00bb box_text_color=\u00a0\u00bb#232628&Prime; icon_color=\u00a0\u00bb#e83936&Prime; icon_size=\u00a0\u00bb31&Prime; title=\u00a0\u00bbHoraire des ventes\u00a0\u00bb css=\u00a0\u00bb.vc_custom_1683312281672{padding-top: 0px !important;padding-right: 0px !important;padding-bottom: 0px !important;padding-left: 0px !important;}\u00a0\u00bb line_height=\u00a0\u00bb18&Prime; css_icon=\u00a0\u00bb.vc_custom_1683312281671{margin-top: 2px !important;margin-right: 23px !important;margin-left: 4px !important;}\u00a0\u00bb]<span style=\"color: #888888; font-size: 14px;\">Lundi &#8211; Jeudi : 8:00 &#8211; 17:00<\/span><br \/>\n<span style=\"color: #888888; font-size: 14px;\">Vendredi : 8:00 &#8211; 14:30<br \/>\nSamedi &#8211; Dimanche : Ferm\u00e9<\/span><\/p>\n<p><span style=\"color: #888888; font-size: 14px;\">Nous sommes disponible les soirs sur rendez-vous! Textez-nous au 819-200-9226 pour planifier un rendez-vous!<\/span>[\/stm_icon_box][\/vc_tab][vc_tab title=\u00a0\u00bbService\u00a0\u00bb tab_id=\u00a0\u00bb58be2a05-8490-4&Prime;][stm_icon_box title_holder=\u00a0\u00bbh4&Prime; icon=\u00a0\u00bbstm-icon-pin\u00a0\u00bb box_bg_color=\u00a0\u00bbrgba(255,255,255,0.01)\u00a0\u00bb box_text_color=\u00a0\u00bb#232628&Prime; icon_color=\u00a0\u00bb#e83936&Prime; icon_size=\u00a0\u00bb31&Prime; title=\u00a0\u00bbAdresse\u00a0\u00bb css=\u00a0\u00bb.vc_custom_1603823093723{margin-bottom: 24px !important;padding-top: 0px !important;padding-right: 0px !important;padding-bottom: 0px !important;padding-left: 0px !important;}\u00a0\u00bb line_height=\u00a0\u00bb18&Prime; css_icon=\u00a0\u00bb.vc_custom_1603823093707{margin-top: 2px !important;margin-right: 23px !important;margin-left: 4px !important;}\u00a0\u00bb]<span style=\"color: #888888; font-size: 14px;\">7050 boul. Jean XXIII, Trois-Rivi\u00e8res G9A 5C9<\/span>[\/stm_icon_box][stm_icon_box title_holder=\u00a0\u00bbh4&Prime; icon=\u00a0\u00bbstm-icon-phone\u00a0\u00bb box_bg_color=\u00a0\u00bbrgba(255,255,255,0.01)\u00a0\u00bb box_text_color=\u00a0\u00bb#232628&Prime; icon_color=\u00a0\u00bb#e83936&Prime; icon_size=\u00a0\u00bb31&Prime; title=\u00a0\u00bbNum\u00e9ro de t\u00e9l\u00e9phone\u00a0\u00bb css=\u00a0\u00bb.vc_custom_1603823162879{margin-bottom: 24px !important;padding-top: 0px !important;padding-right: 0px !important;padding-bottom: 0px !important;padding-left: 0px !important;}\u00a0\u00bb line_height=\u00a0\u00bb18&Prime; css_icon=\u00a0\u00bb.vc_custom_1603823162872{margin-top: 2px !important;margin-right: 23px !important;margin-left: 4px !important;}\u00a0\u00bb]<span style=\"color: #888888; font-size: 14px;\">(819) 373-1070<\/span>[\/stm_icon_box][stm_icon_box title_holder=\u00a0\u00bbh4&Prime; icon=\u00a0\u00bbstm-icon-phone\u00a0\u00bb box_bg_color=\u00a0\u00bbrgba(255,255,255,0.01)\u00a0\u00bb box_text_color=\u00a0\u00bb#232628&Prime; icon_color=\u00a0\u00bb#e83936&Prime; icon_size=\u00a0\u00bb31&Prime; title=\u00a0\u00bbHoraire du service\u00a0\u00bb css=\u00a0\u00bb.vc_custom_1672852703460{padding-top: 0px !important;padding-right: 0px !important;padding-bottom: 0px !important;padding-left: 0px !important;}\u00a0\u00bb line_height=\u00a0\u00bb18&Prime; css_icon=\u00a0\u00bb.vc_custom_1672852703459{margin-top: 2px !important;margin-right: 23px !important;margin-left: 4px !important;}\u00a0\u00bb]<span style=\"color: #888888; font-size: 14px;\">Lundi &#8211; Jeudi : 8:00 &#8211; 17:00<\/span><br \/>\n<span style=\"color: #888888; font-size: 14px;\">Vendredi : 8:00 &#8211; 14:30<br \/>\nSamedi &#8211; Dimanche : Ferm\u00e9<\/span>[\/stm_icon_box][\/vc_tab][\/vc_tabs][\/vc_column][vc_column width=\u00a0\u00bb3\/4&Prime;][stm_contact_form form=\u00a0\u00bb717&Prime; title=\u00a0\u00bbCONTACTEZ-NOUS\u00a0\u00bb][\/vc_column][\/vc_row][vc_row][vc_column][vc_column_text][\/vc_column_text][\/vc_column][\/vc_row]<\/p>\n<\/section>","protected":false},"excerpt":{"rendered":"<p>[vc_row full_width=\u00a0\u00bbstretch_row\u00a0\u00bb content_placement=\u00a0\u00bbtop\u00a0\u00bb parallax=\u00a0\u00bbcontent-moving\u00a0\u00bb parallax_image=\u00a0\u00bb1504&Prime; css=\u00a0\u00bb.vc_custom_1603828886418{margin-bottom: 0px !important;padding-top: 311px !important;}\u00a0\u00bb][vc_column][\/vc_column][\/vc_row][vc_row css=\u00a0\u00bb.vc_custom_1447829274492{margin-top: -177px !important;margin-bottom: 64px !important;}\u00a0\u00bb][vc_column width=\u00a0\u00bb1\/4&Prime;][vc_tabs interval=\u00a0\u00bb0&Prime; vc_tabs_style_2=\u00a0\u00bbyes\u00a0\u00bb][vc_tab title=\u00a0\u00bbVENTES\u00a0\u00bb tab_id=\u00a0\u00bb309debce-b3e3-6&Prime;][stm_icon_box title_holder=\u00a0\u00bbh4&Prime; icon=\u00a0\u00bbstm-icon-pin\u00a0\u00bb box_bg_color=\u00a0\u00bbrgba(255,255,255,0.01)\u00a0\u00bb box_text_color=\u00a0\u00bb#232628&Prime; icon_color=\u00a0\u00bb#e83936&Prime; icon_size=\u00a0\u00bb31&Prime; title=\u00a0\u00bbAdresse\u00a0\u00bb css=\u00a0\u00bb.vc_custom_1603823050530{margin-bottom: 28px !important;padding-top: 0px !important;padding-right: 0px !important;padding-bottom: 0px !important;padding-left: 0px !important;}\u00a0\u00bb line_height=\u00a0\u00bb18&Prime; css_icon=\u00a0\u00bb.vc_custom_1603823050523{margin-top: 2px !important;margin-right: 23px !important;margin-left: 4px !important;}\u00a0\u00bb]7050 boul. Jean XXIII, Trois-Rivi\u00e8res G9A 5C9[\/stm_icon_box][stm_icon_box title_holder=\u00a0\u00bbh4&Prime; icon=\u00a0\u00bbstm-icon-phone\u00a0\u00bb box_bg_color=\u00a0\u00bbrgba(255,255,255,0.01)\u00a0\u00bb&#8230;<\/p>\n","protected":false},"author":1,"featured_media":0,"parent":0,"menu_order":0,"comment_status":"closed","ping_status":"closed","template":"","meta":{"_acf_changed":false,"footnotes":""},"class_list":["post-712","page","type-page","status-publish","hentry"],"acf":[],"_links":{"self":[{"href":"https:\/\/ve.simonandre.ca\/index.php?rest_route=\/wp\/v2\/pages\/712","targetHints":{"allow":["GET"]}}],"collection":[{"href":"https:\/\/ve.simonandre.ca\/index.php?rest_route=\/wp\/v2\/pages"}],"about":[{"href":"https:\/\/ve.simonandre.ca\/index.php?rest_route=\/wp\/v2\/types\/page"}],"author":[{"embeddable":true,"href":"https:\/\/ve.simonandre.ca\/index.php?rest_route=\/wp\/v2\/users\/1"}],"replies":[{"embeddable":true,"href":"https:\/\/ve.simonandre.ca\/index.php?rest_route=%2Fwp%2Fv2%2Fcomments&post=712"}],"version-history":[{"count":25,"href":"https:\/\/ve.simonandre.ca\/index.php?rest_route=\/wp\/v2\/pages\/712\/revisions"}],"predecessor-version":[{"id":7447,"href":"https:\/\/ve.simonandre.ca\/index.php?rest_route=\/wp\/v2\/pages\/712\/revisions\/7447"}],"wp:attachment":[{"href":"https:\/\/ve.simonandre.ca\/index.php?rest_route=%2Fwp%2Fv2%2Fmedia&parent=712"}],"curies":[{"name":"wp","href":"https:\/\/api.w.org\/{rel}","templated":true}]}}