{"id":7448,"date":"2026-03-11T15:35:06","date_gmt":"2026-03-11T15:35:06","guid":{"rendered":"https:\/\/ve.simonandre.ca\/?page_id=7448"},"modified":"2026-04-01T14:51:14","modified_gmt":"2026-04-01T14:51:14","slug":"garantie-prolongee","status":"publish","type":"page","link":"https:\/\/ve.simonandre.ca\/?page_id=7448","title":{"rendered":"Garantie Prolong\u00e9e"},"content":{"rendered":"<section class=\"wpb-content-wrapper\"><p>[vc_row css=\u00a0\u00bb.vc_custom_1446724724284{margin-top: 33px !important;margin-bottom: 42px !important;}\u00a0\u00bb][vc_column width=\u00a0\u00bb1\/4&Prime; css=\u00a0\u00bb.vc_custom_1446724718390{margin-bottom: 42px !important;}\u00a0\u00bb][vc_column_text css=\u00a0\u00bb.vc_custom_1773243030883{margin-bottom: 24px !important;}\u00a0\u00bb]<\/p>\n<h2><span style=\"color: #e83936;\">GARANTIE PROLONG\u00c9E<\/span> AVANTAGE PLUS<\/h2>\n<p>[\/vc_column_text][vc_single_image image=\u00a0\u00bb7439&Prime; img_size=\u00a0\u00bbmedium\u00a0\u00bb][\/vc_column][vc_column width=\u00a0\u00bb3\/4&Prime; css=\u00a0\u00bb.vc_custom_1446703675847{margin-top: 13px !important;}\u00a0\u00bb][vc_column_text css=\u00a0\u00bb.vc_custom_1775053769430{margin-bottom: 31px !important;padding-left: 2px !important;}\u00a0\u00bb]<\/p>\n<h2 data-start=\"227\" data-end=\"482\">Parfaitement adapt\u00e9e aux v\u00e9hicules \u00e9lectriques<\/h2>\n<p data-start=\"227\" data-end=\"482\">Votre v\u00e9hicule \u00e9lectrique est hautement technologique et m\u00e9rite d\u2019\u00eatre bien prot\u00e9g\u00e9. La garantie Avantage Plus couvre vos composantes m\u00e9caniques, \u00e9lectroniques et \u00e9lectriques contre les r\u00e9parations impr\u00e9vues apr\u00e8s l\u2019expiration de la garantie du fabricant.<\/p>\n<p data-start=\"484\" data-end=\"773\"><strong data-start=\"484\" data-end=\"498\">Elle est :<\/strong><br data-start=\"498\" data-end=\"501\" \/>\u2022 Accept\u00e9e et prioris\u00e9e par notre d\u00e9partement de service<br data-start=\"557\" data-end=\"560\" \/>\u2022 Transf\u00e9rable au prochain propri\u00e9taire (augmente la valeur de revente)<br data-start=\"631\" data-end=\"634\" \/>\u2022 Inclut l\u2019option Audio, Vid\u00e9o et Navigation (&lt; 140 000 km)<br data-start=\"693\" data-end=\"696\" \/>\u2022 En vigueur seulement apr\u00e8s la fin de la garantie de base du manufacturier<\/p>\n<p data-start=\"775\" data-end=\"935\">Elle peut \u00eatre ajout\u00e9e tant que le v\u00e9hicule n\u2019a pas atteint\u00a0<strong data-start=\"835\" data-end=\"859\">10 ans ou 200 000 km<\/strong><br data-start=\"859\" data-end=\"862\" \/>(une inspection est requise si la garantie du manufacturier est expir\u00e9e).<\/p>\n<p data-start=\"937\" data-end=\"1086\"><strong data-start=\"937\" data-end=\"986\">Plans disponibles avec kilom\u00e9trage illimit\u00e9 :<\/strong><br data-start=\"986\" data-end=\"989\" \/>12 mois \u2013 1 999 $<br data-start=\"1006\" data-end=\"1009\" \/>24 mois \u2013 2 099 $<br data-start=\"1026\" data-end=\"1029\" \/>36 mois \u2013 2 199 $<br data-start=\"1046\" data-end=\"1049\" \/>48 mois \u2013 2 299 $<br data-start=\"1066\" data-end=\"1069\" \/>60 mois \u2013 2 399 $<\/p>\n<p data-start=\"1088\" data-end=\"1205\">D\u2019autres options ou couvertures suppl\u00e9mentaires peuvent vous \u00eatre\u00a0<strong data-start=\"1154\" data-end=\"1166\">offertes<\/strong>, telles que la\u00a0<strong data-start=\"1182\" data-end=\"1204\">double r\u00e9clamation<\/strong>.<\/p>\n<p>[\/vc_column_text][\/vc_column][\/vc_row][vc_row stm_fullwidth=\u00a0\u00bbyes\u00a0\u00bb blackout_opacity=\u00a0\u00bb80&Prime; css=\u00a0\u00bb.vc_custom_1596826824383{margin-bottom: 75px !important;padding-top: 39px !important;padding-bottom: 68px !important;background-image: url(https:\/\/ve.simonandre.ca\/wp-content\/uploads\/2020\/08\/img_0623.jpg?id=1496) !important;}\u00a0\u00bb][vc_column][vc_single_image image=\u00a0\u00bb7511&Prime; img_size=\u00a0\u00bbfull\u00a0\u00bb][vc_single_image image=\u00a0\u00bb7507&Prime; img_size=\u00a0\u00bbfull\u00a0\u00bb][vc_single_image image=\u00a0\u00bb7508&Prime; img_size=\u00a0\u00bbfull\u00a0\u00bb][\/vc_column][\/vc_row][vc_row css=\u00a0\u00bb.vc_custom_1446724488622{margin-bottom: 28px !important;}\u00a0\u00bb][vc_column width=\u00a0\u00bb2\/3&Prime; css=\u00a0\u00bb.vc_custom_1446723952022{margin-bottom: 45px !important;}\u00a0\u00bb][vc_custom_heading text=\u00a0\u00bbSouscrire \u00e0 une garantie prolong\u00e9e\u00a0\u00bb font_container=\u00a0\u00bbtag:h3|text_align:left\u00a0\u00bb use_theme_fonts=\u00a0\u00bbyes\u00a0\u00bb][vc_separator css=\u00a0\u00bb.vc_custom_1446719521258{margin-top: 24px !important;margin-bottom: 24px !important;}\u00a0\u00bb]\n<div class=\"wpcf7 no-js\" id=\"wpcf7-f7442-o1\" lang=\"fr-FR\" dir=\"ltr\" data-wpcf7-id=\"7442\">\n<div class=\"screen-reader-response\"><p role=\"status\" aria-live=\"polite\" aria-atomic=\"true\"><\/p> <ul><\/ul><\/div>\n<form action=\"\/index.php?rest_route=%2Fwp%2Fv2%2Fpages%2F7448#wpcf7-f7442-o1\" method=\"post\" class=\"wpcf7-form init\" aria-label=\"Formulaire de contact\" novalidate=\"novalidate\" data-status=\"init\">\n<fieldset class=\"hidden-fields-container\"><input type=\"hidden\" name=\"_wpcf7\" value=\"7442\" \/><input type=\"hidden\" name=\"_wpcf7_version\" value=\"6.1.5\" \/><input type=\"hidden\" name=\"_wpcf7_locale\" value=\"fr_FR\" \/><input type=\"hidden\" name=\"_wpcf7_unit_tag\" value=\"wpcf7-f7442-o1\" \/><input type=\"hidden\" name=\"_wpcf7_container_post\" value=\"0\" \/><input type=\"hidden\" name=\"_wpcf7_posted_data_hash\" value=\"\" \/><input type=\"hidden\" name=\"_wpcf7_recaptcha_response\" value=\"\" \/>\n<\/fieldset>\n<p><span class=\"wpcf7-form-control-wrap\" data-name=\"text-830\"><input size=\"40\" maxlength=\"400\" class=\"wpcf7-form-control wpcf7-text\" aria-invalid=\"false\" placeholder=\"Nom\" value=\"\" type=\"text\" name=\"text-830\" \/><\/span>\n<\/p>\n<p><span class=\"wpcf7-form-control-wrap\" data-name=\"email-571\"><input size=\"40\" maxlength=\"400\" class=\"wpcf7-form-control wpcf7-email wpcf7-validates-as-required wpcf7-text wpcf7-validates-as-email\" aria-required=\"true\" aria-invalid=\"false\" placeholder=\"Courriel\" value=\"\" type=\"email\" name=\"email-571\" \/><\/span>\n<\/p>\n<p><span class=\"wpcf7-form-control-wrap\" data-name=\"tel-962\"><input size=\"40\" maxlength=\"400\" class=\"wpcf7-form-control wpcf7-tel wpcf7-validates-as-required wpcf7-text wpcf7-validates-as-tel\" aria-required=\"true\" aria-invalid=\"false\" placeholder=\"Num\u00e9ro de t\u00e9l\u00e9phone\" value=\"\" type=\"tel\" name=\"tel-962\" \/><\/span>\n<\/p>\n<p><span class=\"wpcf7-form-control-wrap\" data-name=\"textarea-324\"><textarea cols=\"40\" rows=\"10\" maxlength=\"2000\" class=\"wpcf7-form-control wpcf7-textarea\" aria-invalid=\"false\" placeholder=\"Marque - mod\u00e8le - ann\u00e9e\" name=\"textarea-324\"><\/textarea><\/span>\n<\/p>\n<p><span class=\"wpcf7-form-control-wrap\" data-name=\"textarea-364\"><textarea cols=\"40\" rows=\"10\" maxlength=\"2000\" class=\"wpcf7-form-control wpcf7-textarea\" aria-invalid=\"false\" placeholder=\"Kilom\u00e9trage\" name=\"textarea-364\"><\/textarea><\/span>\n<\/p>\n<p><label> Votre message (facultatif)<br \/>\n<span class=\"wpcf7-form-control-wrap\" data-name=\"your-message\"><textarea cols=\"40\" rows=\"10\" maxlength=\"2000\" class=\"wpcf7-form-control wpcf7-textarea\" aria-invalid=\"false\" name=\"your-message\"><\/textarea><\/span> <\/label>\n<\/p>\n<p><input class=\"wpcf7-form-control wpcf7-submit has-spinner\" type=\"submit\" value=\"Envoyer\" \/>\n<\/p><div class=\"wpcf7-response-output\" aria-hidden=\"true\"><\/div>\n<\/form>\n<\/div>\n[\/vc_column][vc_column width=\u00a0\u00bb1\/3&Prime;][stm_working_days title=\u00a0\u00bbHoraire du service\u00a0\u00bb monday=\u00a0\u00bb8:00 am &#8211; 5.00 pm\u00a0\u00bb tuesday=\u00a0\u00bb8:00 am &#8211; 5.00 pm\u00a0\u00bb wednesday=\u00a0\u00bb8:00 am &#8211; 5.00 pm\u00a0\u00bb thursday=\u00a0\u00bb8:00 am &#8211; 5.00 pm\u00a0\u00bb friday=\u00a0\u00bb8:00 am &#8211; 14.30 pm\u00a0\u00bb css=\u00a0\u00bb.vc_custom_1697845725687{margin-top: 6px !important;}\u00a0\u00bb][\/vc_column][\/vc_row][vc_row css=\u00a0\u00bb.vc_custom_1446724426854{margin-bottom: 0px !important;}\u00a0\u00bb][vc_column][stm_call_to_action_2 call_to_action_color=\u00a0\u00bb#262330&Prime; call_to_action_text_color=\u00a0\u00bb#ffffff\u00a0\u00bb call_to_action_label=\u00a0\u00bbUne question sur la garantie? Appelez-nous\u00a0\u00bb call_to_action_label_right=\u00a0\u00bb819-373-1070&Prime;][\/vc_column][\/vc_row]<\/p>\n<\/section>","protected":false},"excerpt":{"rendered":"<p>[vc_row css=\u00a0\u00bb.vc_custom_1446724724284{margin-top: 33px !important;margin-bottom: 42px !important;}\u00a0\u00bb][vc_column width=\u00a0\u00bb1\/4&Prime; css=\u00a0\u00bb.vc_custom_1446724718390{margin-bottom: 42px !important;}\u00a0\u00bb][vc_column_text css=\u00a0\u00bb.vc_custom_1773243030883{margin-bottom: 24px !important;}\u00a0\u00bb] GARANTIE PROLONG\u00c9E AVANTAGE PLUS [\/vc_column_text][vc_single_image image=\u00a0\u00bb7439&Prime; img_size=\u00a0\u00bbmedium\u00a0\u00bb][\/vc_column][vc_column width=\u00a0\u00bb3\/4&Prime; css=\u00a0\u00bb.vc_custom_1446703675847{margin-top: 13px !important;}\u00a0\u00bb][vc_column_text css=\u00a0\u00bb.vc_custom_1775053769430{margin-bottom: 31px !important;padding-left: 2px !important;}\u00a0\u00bb] Parfaitement adapt\u00e9e aux v\u00e9hicules \u00e9lectriques Votre v\u00e9hicule \u00e9lectrique est hautement technologique et m\u00e9rite d\u2019\u00eatre bien prot\u00e9g\u00e9. La garantie Avantage Plus couvre vos composantes m\u00e9caniques, \u00e9lectroniques et&#8230;<\/p>\n","protected":false},"author":1,"featured_media":0,"parent":0,"menu_order":0,"comment_status":"closed","ping_status":"closed","template":"","meta":{"_acf_changed":false,"footnotes":""},"class_list":["post-7448","page","type-page","status-publish","hentry"],"acf":[],"_links":{"self":[{"href":"https:\/\/ve.simonandre.ca\/index.php?rest_route=\/wp\/v2\/pages\/7448","targetHints":{"allow":["GET"]}}],"collection":[{"href":"https:\/\/ve.simonandre.ca\/index.php?rest_route=\/wp\/v2\/pages"}],"about":[{"href":"https:\/\/ve.simonandre.ca\/index.php?rest_route=\/wp\/v2\/types\/page"}],"author":[{"embeddable":true,"href":"https:\/\/ve.simonandre.ca\/index.php?rest_route=\/wp\/v2\/users\/1"}],"replies":[{"embeddable":true,"href":"https:\/\/ve.simonandre.ca\/index.php?rest_route=%2Fwp%2Fv2%2Fcomments&post=7448"}],"version-history":[{"count":7,"href":"https:\/\/ve.simonandre.ca\/index.php?rest_route=\/wp\/v2\/pages\/7448\/revisions"}],"predecessor-version":[{"id":7512,"href":"https:\/\/ve.simonandre.ca\/index.php?rest_route=\/wp\/v2\/pages\/7448\/revisions\/7512"}],"wp:attachment":[{"href":"https:\/\/ve.simonandre.ca\/index.php?rest_route=%2Fwp%2Fv2%2Fmedia&parent=7448"}],"curies":[{"name":"wp","href":"https:\/\/api.w.org\/{rel}","templated":true}]}}