{"id":986,"date":"2015-11-30T11:34:55","date_gmt":"2015-11-30T11:34:55","guid":{"rendered":"https:\/\/motors.stylemixthemes.com\/demo\/?page_id=986"},"modified":"2023-10-20T23:47:44","modified_gmt":"2023-10-20T23:47:44","slug":"faq","status":"publish","type":"page","link":"https:\/\/ve.simonandre.ca\/?page_id=986","title":{"rendered":"FAQ"},"content":{"rendered":"<section class=\"wpb-content-wrapper\"><p>[vc_row css=\u00a0\u00bb.vc_custom_1448885303930{margin-top: 60px !important;}\u00a0\u00bb][vc_column offset=\u00a0\u00bbvc_col-lg-9&Prime;][vc_toggle title=\u00a0\u00bbPouvez-vous reprendre des voitures \u00e0 essence en \u00e9change?\u00a0\u00bb open=\u00a0\u00bbtrue\u00a0\u00bb el_id=\u00a0\u00bb1448883155611-13bd3268-1e1e\u00a0\u00bb]<span style=\"color: #888888;\">Bien s\u00fbr! Nous reprenons les voitures \u00e9lectriques ou \u00e0 essence en \u00e9change. La premi\u00e8re \u00e9tape est de nous envoyer un courriel au ve@simonandre.ca avec les informations sur votre voiture. Ensuite, nous vous enverrons un prix. Celui-ci sera confirm\u00e9 lors d&rsquo;une inspection en concession. Si vous avez d\u00e9j\u00e0 votre acheteur, nous pourrons faire une vente par accomodation qui vous permettra de sauver les taxes!<\/span>[\/vc_toggle][vc_toggle title=\u00a0\u00bbR\u00e9parez-vous des voitures hydrides ou \u00e0 essence?\u00a0\u00bb el_id=\u00a0\u00bb1448883771023-742811fc-c23d\u00a0\u00bb]<span style=\"color: #888888;\">Malheureusement non. Notre d\u00e9partement de m\u00e9canique ne traite que les voitures branchables!<\/span>[\/vc_toggle][vc_toggle title=\u00a0\u00bbVendez-vous toujours des Tesla neuves?\u00a0\u00bb el_id=\u00a0\u00bb1448883776504-40e5b40f-8a4c\u00a0\u00bb]<span style=\"color: #888888;\">Avec tristesse, non. Tesla a pris la d\u00e9cision de ne plus faire affaire avec des revendeurs. C&rsquo;est dommage car les consommateurs sont perdants. Il y avait de nombreux avantages \u00e0 acheter une Tesla chez nous.<\/span>[\/vc_toggle][vc_toggle title=\u00a0\u00bbDevons-nous prendre rendez-vous pour le d\u00e9partement des ventes?\u00a0\u00bb el_id=\u00a0\u00bb1448883777671-add4b195-3bd8&Prime;]<span style=\"color: #888888;\">Non, il n&rsquo;est pas n\u00e9cessaire de prendre rendez-vous pour venir voir nos voitures en inventaire.<\/span>[\/vc_toggle][\/vc_column][vc_column width=\u00a0\u00bb1\/4&Prime; offset=\u00a0\u00bbvc_hidden-md vc_hidden-sm vc_hidden-xs\u00a0\u00bb][stm_sidebar sidebar=\u00a0\u00bb930&Prime;][\/vc_column][\/vc_row]<\/p>\n<\/section>","protected":false},"excerpt":{"rendered":"<p>[vc_row css=\u00a0\u00bb.vc_custom_1448885303930{margin-top: 60px !important;}\u00a0\u00bb][vc_column offset=\u00a0\u00bbvc_col-lg-9&Prime;][vc_toggle title=\u00a0\u00bbPouvez-vous reprendre des voitures \u00e0 essence en \u00e9change?\u00a0\u00bb open=\u00a0\u00bbtrue\u00a0\u00bb el_id=\u00a0\u00bb1448883155611-13bd3268-1e1e\u00a0\u00bb]Bien s\u00fbr! Nous reprenons les voitures \u00e9lectriques ou \u00e0 essence en \u00e9change. La premi\u00e8re \u00e9tape est de nous envoyer un courriel au ve@simonandre.ca avec les informations sur votre voiture. Ensuite, nous vous enverrons un prix. Celui-ci sera confirm\u00e9 lors d&rsquo;une inspection&#8230;<\/p>\n","protected":false},"author":1,"featured_media":0,"parent":0,"menu_order":0,"comment_status":"closed","ping_status":"closed","template":"","meta":{"_acf_changed":false,"footnotes":""},"class_list":["post-986","page","type-page","status-publish","hentry"],"acf":[],"_links":{"self":[{"href":"https:\/\/ve.simonandre.ca\/index.php?rest_route=\/wp\/v2\/pages\/986","targetHints":{"allow":["GET"]}}],"collection":[{"href":"https:\/\/ve.simonandre.ca\/index.php?rest_route=\/wp\/v2\/pages"}],"about":[{"href":"https:\/\/ve.simonandre.ca\/index.php?rest_route=\/wp\/v2\/types\/page"}],"author":[{"embeddable":true,"href":"https:\/\/ve.simonandre.ca\/index.php?rest_route=\/wp\/v2\/users\/1"}],"replies":[{"embeddable":true,"href":"https:\/\/ve.simonandre.ca\/index.php?rest_route=%2Fwp%2Fv2%2Fcomments&post=986"}],"version-history":[{"count":3,"href":"https:\/\/ve.simonandre.ca\/index.php?rest_route=\/wp\/v2\/pages\/986\/revisions"}],"predecessor-version":[{"id":5552,"href":"https:\/\/ve.simonandre.ca\/index.php?rest_route=\/wp\/v2\/pages\/986\/revisions\/5552"}],"wp:attachment":[{"href":"https:\/\/ve.simonandre.ca\/index.php?rest_route=%2Fwp%2Fv2%2Fmedia&parent=986"}],"curies":[{"name":"wp","href":"https:\/\/api.w.org\/{rel}","templated":true}]}}